{"id":171,"date":"2017-12-08T14:40:50","date_gmt":"2017-12-08T13:40:50","guid":{"rendered":"http:\/\/wardrecques.fr\/?page_id=171"},"modified":"2017-12-08T15:25:07","modified_gmt":"2017-12-08T14:25:07","slug":"changement-de-domicile","status":"publish","type":"page","link":"https:\/\/wardrecques.fr\/index.php\/vos-demarches\/demarches-administratives\/changement-de-domicile\/","title":{"rendered":"Changement de domicile"},"content":{"rendered":"<p>Lorsque vous changez de domicile, il est obligatoire de : <\/p>\n<p>   &#8211; Vous faire conna\u00eetre en Mairie<\/p>\n<p>   &#8211; Vous inscrire sur les listes \u00e9lectorales (vous munir de votre livret de famille et de votre carte d&rsquo;identit\u00e9).<\/p>\n","protected":false},"excerpt":{"rendered":"<p>Lorsque vous changez de domicile, il est obligatoire de : &#8211; Vous faire conna\u00eetre en Mairie &#8211; Vous inscrire sur les listes \u00e9lectorales (vous munir de votre livret de famille et de votre carte d&rsquo;identit\u00e9).<\/p>\n","protected":false},"author":1,"featured_media":0,"parent":45,"menu_order":0,"comment_status":"closed","ping_status":"closed","template":"","meta":{"ngg_post_thumbnail":0},"_links":{"self":[{"href":"https:\/\/wardrecques.fr\/index.php\/wp-json\/wp\/v2\/pages\/171"}],"collection":[{"href":"https:\/\/wardrecques.fr\/index.php\/wp-json\/wp\/v2\/pages"}],"about":[{"href":"https:\/\/wardrecques.fr\/index.php\/wp-json\/wp\/v2\/types\/page"}],"author":[{"embeddable":true,"href":"https:\/\/wardrecques.fr\/index.php\/wp-json\/wp\/v2\/users\/1"}],"replies":[{"embeddable":true,"href":"https:\/\/wardrecques.fr\/index.php\/wp-json\/wp\/v2\/comments?post=171"}],"version-history":[{"count":1,"href":"https:\/\/wardrecques.fr\/index.php\/wp-json\/wp\/v2\/pages\/171\/revisions"}],"predecessor-version":[{"id":172,"href":"https:\/\/wardrecques.fr\/index.php\/wp-json\/wp\/v2\/pages\/171\/revisions\/172"}],"up":[{"embeddable":true,"href":"https:\/\/wardrecques.fr\/index.php\/wp-json\/wp\/v2\/pages\/45"}],"wp:attachment":[{"href":"https:\/\/wardrecques.fr\/index.php\/wp-json\/wp\/v2\/media?parent=171"}],"curies":[{"name":"wp","href":"https:\/\/api.w.org\/{rel}","templated":true}]}}