{"id":2,"date":"2017-12-06T09:38:22","date_gmt":"2017-12-06T08:38:22","guid":{"rendered":"http:\/\/wardrecques.fr\/?page_id=2"},"modified":"2017-12-08T14:10:08","modified_gmt":"2017-12-08T13:10:08","slug":"page-d-exemple","status":"publish","type":"page","link":"https:\/\/wardrecques.fr\/index.php\/page-d-exemple\/","title":{"rendered":"La commune"},"content":{"rendered":"<p><strong>Pr\u00e9sentation <\/strong><\/p>\n<p><strong>L\u2019EGLISE<\/strong><\/p>\n<p>\u00c9glise Notre Dame, dont la nef achev\u00e9e en\u00a01524\u00a0s\u2019appuie sur un c\u0153ur\u00a0roman, la tour et le clocher \u00e9tant plus r\u00e9cents (xix<sup>e<\/sup>\u00a0si\u00e8cle).<\/p>\n<p><img loading=\"lazy\" class=\"alignnone wp-image-143 size-full\" src=\"http:\/\/wardrecques.fr\/wp-content\/uploads\/2017\/12\/Eglise.jpg\" alt=\"\" width=\"225\" height=\"300\" \/><\/p>\n<p><strong>L\u2019AVE MARIA<\/strong><\/p>\n<p>B\u00e2timent et parc bois\u00e9 dit de l\u2019Av\u00e9 Maria, appartenait au\u00a0dioc\u00e8se\u00a0et qui a longtemps accueilli des retraites et activit\u00e9s religieuses<\/p>\n<p><img loading=\"lazy\" class=\"alignnone wp-image-144 size-full\" src=\"http:\/\/wardrecques.fr\/wp-content\/uploads\/2017\/12\/Maison-de-retraite-Ave-Maria.jpg\" alt=\"\" width=\"300\" height=\"224\" \/><\/p>\n<p>Dor\u00e9navant, la\u00a0Maison de Famille l\u2019Ave Maria est une maison de retraite m\u00e9dicalis\u00e9e (EHPAD), situ\u00e9e dans un cadre historique exceptionnel, entour\u00e9e d\u2019un parc pr\u00e9serv\u00e9 de 5 hectares.<\/p>\n<p><img loading=\"lazy\" class=\"alignnone wp-image-145 size-full\" src=\"http:\/\/wardrecques.fr\/wp-content\/uploads\/2017\/12\/Maison-de-retraite-Ave-Maria2.jpg\" alt=\"\" width=\"300\" height=\"169\" \/><\/p>\n","protected":false},"excerpt":{"rendered":"<p>Pr\u00e9sentation L\u2019EGLISE \u00c9glise Notre Dame, dont la nef achev\u00e9e en\u00a01524\u00a0s\u2019appuie sur un c\u0153ur\u00a0roman, la tour et le clocher \u00e9tant plus r\u00e9cents (xixe\u00a0si\u00e8cle). L\u2019AVE MARIA B\u00e2timent et parc bois\u00e9 dit de l\u2019Av\u00e9 Maria, appartenait au\u00a0dioc\u00e8se\u00a0et qui a longtemps accueilli des retraites et activit\u00e9s religieuses Dor\u00e9navant, la\u00a0Maison de Famille l\u2019Ave Maria est une maison de retraite m\u00e9dicalis\u00e9e &hellip; <\/p>\n<p class=\"link-more\"><a href=\"https:\/\/wardrecques.fr\/index.php\/page-d-exemple\/\" class=\"more-link\">Continuer la lecture<span class=\"screen-reader-text\"> de &laquo;&nbsp;La commune&nbsp;&raquo;<\/span><\/a><\/p>\n","protected":false},"author":1,"featured_media":0,"parent":0,"menu_order":0,"comment_status":"closed","ping_status":"open","template":"","meta":{"ngg_post_thumbnail":0},"_links":{"self":[{"href":"https:\/\/wardrecques.fr\/index.php\/wp-json\/wp\/v2\/pages\/2"}],"collection":[{"href":"https:\/\/wardrecques.fr\/index.php\/wp-json\/wp\/v2\/pages"}],"about":[{"href":"https:\/\/wardrecques.fr\/index.php\/wp-json\/wp\/v2\/types\/page"}],"author":[{"embeddable":true,"href":"https:\/\/wardrecques.fr\/index.php\/wp-json\/wp\/v2\/users\/1"}],"replies":[{"embeddable":true,"href":"https:\/\/wardrecques.fr\/index.php\/wp-json\/wp\/v2\/comments?post=2"}],"version-history":[{"count":4,"href":"https:\/\/wardrecques.fr\/index.php\/wp-json\/wp\/v2\/pages\/2\/revisions"}],"predecessor-version":[{"id":147,"href":"https:\/\/wardrecques.fr\/index.php\/wp-json\/wp\/v2\/pages\/2\/revisions\/147"}],"wp:attachment":[{"href":"https:\/\/wardrecques.fr\/index.php\/wp-json\/wp\/v2\/media?parent=2"}],"curies":[{"name":"wp","href":"https:\/\/api.w.org\/{rel}","templated":true}]}}