{"id":203,"date":"2017-12-08T16:46:20","date_gmt":"2017-12-08T15:46:20","guid":{"rendered":"http:\/\/wardrecques.fr\/?page_id=203"},"modified":"2018-04-23T12:33:08","modified_gmt":"2018-04-23T10:33:08","slug":"mentions-legales","status":"publish","type":"page","link":"https:\/\/wardrecques.fr\/index.php\/mentions-legales\/","title":{"rendered":"Mentions l\u00e9gales"},"content":{"rendered":"<p><strong>Propri\u00e9t\u00e9 du site<\/strong><\/p>\n<p>Le pr\u00e9sent site est la propri\u00e9t\u00e9 de la commune de WARDRECQUES repr\u00e9sent\u00e9e par son maire Louis CAINNE .<\/p>\n<p>Mairie de WARDRECQUES, 1, la place &#8211; 62120 WARDRECQUES FRANCE T\u00e9l: +33(0)3.21.93.61.82 Fax: +33(0)3.21.95.01.45 Email : mairie.wardrecquesg@wanadoo.fr<br \/>\nResponsabilit\u00e9 \u00e9ditoriale<\/p>\n<p>Le directeur de la publication est Louis CAINNE en sa qualit\u00e9 de maire de la commune de WARDRECQUES.<br \/>\nR\u00e9daction<\/p>\n<p>Service Administratif<br \/>\nChristophe MARQUANT<\/p>\n<p>H\u00e9bergement du site<br \/>\nOVH<br \/>\nSAS au capital de 10 059 500 \u20ac<br \/>\nRCS Lille M\u00e9tropole 424 761 419 00045<br \/>\nCode APE 6202AN\u00b0 TVA : FR 22 424 761 419<br \/>\nSi\u00e8ge social : 2 rue Kellermann &#8211; 59100 Roubaix &#8211; France<\/p>\n<p>Ce site a \u00e9t\u00e9 cr\u00e9e par les services de la commune.<\/p>\n<p>Ce site ne collecte pas de donn\u00e9es.<\/p>\n","protected":false},"excerpt":{"rendered":"<p>Propri\u00e9t\u00e9 du site Le pr\u00e9sent site est la propri\u00e9t\u00e9 de la commune de WARDRECQUES repr\u00e9sent\u00e9e par son maire Louis CAINNE . Mairie de WARDRECQUES, 1, la place &#8211; 62120 WARDRECQUES FRANCE T\u00e9l: +33(0)3.21.93.61.82 Fax: +33(0)3.21.95.01.45 Email : mairie.wardrecquesg@wanadoo.fr Responsabilit\u00e9 \u00e9ditoriale Le directeur de la publication est Louis CAINNE en sa qualit\u00e9 de maire de la &hellip; <\/p>\n<p class=\"link-more\"><a href=\"https:\/\/wardrecques.fr\/index.php\/mentions-legales\/\" class=\"more-link\">Continuer la lecture<span class=\"screen-reader-text\"> de &laquo;&nbsp;Mentions l\u00e9gales&nbsp;&raquo;<\/span><\/a><\/p>\n","protected":false},"author":1,"featured_media":0,"parent":0,"menu_order":0,"comment_status":"closed","ping_status":"closed","template":"","meta":{"ngg_post_thumbnail":0},"_links":{"self":[{"href":"https:\/\/wardrecques.fr\/index.php\/wp-json\/wp\/v2\/pages\/203"}],"collection":[{"href":"https:\/\/wardrecques.fr\/index.php\/wp-json\/wp\/v2\/pages"}],"about":[{"href":"https:\/\/wardrecques.fr\/index.php\/wp-json\/wp\/v2\/types\/page"}],"author":[{"embeddable":true,"href":"https:\/\/wardrecques.fr\/index.php\/wp-json\/wp\/v2\/users\/1"}],"replies":[{"embeddable":true,"href":"https:\/\/wardrecques.fr\/index.php\/wp-json\/wp\/v2\/comments?post=203"}],"version-history":[{"count":3,"href":"https:\/\/wardrecques.fr\/index.php\/wp-json\/wp\/v2\/pages\/203\/revisions"}],"predecessor-version":[{"id":329,"href":"https:\/\/wardrecques.fr\/index.php\/wp-json\/wp\/v2\/pages\/203\/revisions\/329"}],"wp:attachment":[{"href":"https:\/\/wardrecques.fr\/index.php\/wp-json\/wp\/v2\/media?parent=203"}],"curies":[{"name":"wp","href":"https:\/\/api.w.org\/{rel}","templated":true}]}}