{"id":248,"date":"2017-12-13T09:54:21","date_gmt":"2017-12-13T08:54:21","guid":{"rendered":"http:\/\/wardrecques.fr\/?page_id=248"},"modified":"2020-06-19T14:25:26","modified_gmt":"2020-06-19T12:25:26","slug":"assemblee-generale","status":"publish","type":"page","link":"https:\/\/wardrecques.fr\/index.php\/associations\/comite-des-fetes\/assemblee-generale\/","title":{"rendered":"Assembl\u00e9e g\u00e9n\u00e9rale"},"content":{"rendered":"\n<p>La premi\u00e8re r\u00e9union a eu lieu le jeudi 18 juin.<\/p>\n\n\n\n<p>Le nouveau bureau est compos\u00e9 de:<\/p>\n\n\n\n<p><\/p>\n\n\n\n<p>Pr\u00e9sident : Caroline Cocquerelle<\/p>\n\n\n\n<p>Vices pr\u00e9sidentes : Nathalie Marinelli + Isabelle Carpentier + Sylvie Hermant<\/p>\n\n\n\n<p>Tr\u00e9sori\u00e8re : Annie Prins<\/p>\n\n\n\n<p>Tr\u00e9sorier adjoint : Denis Meens<\/p>\n\n\n\n<p>Secr\u00e9taire : Christine Denis<\/p>\n\n\n\n<p>Secr\u00e9taire adjoint : Guy Denaes.&nbsp;<\/p>\n","protected":false},"excerpt":{"rendered":"<p>La premi\u00e8re r\u00e9union a eu lieu le jeudi 18 juin. Le nouveau bureau est compos\u00e9 de: Pr\u00e9sident : Caroline Cocquerelle Vices pr\u00e9sidentes : Nathalie Marinelli + Isabelle Carpentier + Sylvie Hermant Tr\u00e9sori\u00e8re : Annie Prins Tr\u00e9sorier adjoint : Denis Meens Secr\u00e9taire : Christine Denis Secr\u00e9taire adjoint : Guy Denaes.&nbsp;<\/p>\n","protected":false},"author":1,"featured_media":0,"parent":70,"menu_order":0,"comment_status":"closed","ping_status":"closed","template":"","meta":{"ngg_post_thumbnail":0},"_links":{"self":[{"href":"https:\/\/wardrecques.fr\/index.php\/wp-json\/wp\/v2\/pages\/248"}],"collection":[{"href":"https:\/\/wardrecques.fr\/index.php\/wp-json\/wp\/v2\/pages"}],"about":[{"href":"https:\/\/wardrecques.fr\/index.php\/wp-json\/wp\/v2\/types\/page"}],"author":[{"embeddable":true,"href":"https:\/\/wardrecques.fr\/index.php\/wp-json\/wp\/v2\/users\/1"}],"replies":[{"embeddable":true,"href":"https:\/\/wardrecques.fr\/index.php\/wp-json\/wp\/v2\/comments?post=248"}],"version-history":[{"count":2,"href":"https:\/\/wardrecques.fr\/index.php\/wp-json\/wp\/v2\/pages\/248\/revisions"}],"predecessor-version":[{"id":579,"href":"https:\/\/wardrecques.fr\/index.php\/wp-json\/wp\/v2\/pages\/248\/revisions\/579"}],"up":[{"embeddable":true,"href":"https:\/\/wardrecques.fr\/index.php\/wp-json\/wp\/v2\/pages\/70"}],"wp:attachment":[{"href":"https:\/\/wardrecques.fr\/index.php\/wp-json\/wp\/v2\/media?parent=248"}],"curies":[{"name":"wp","href":"https:\/\/api.w.org\/{rel}","templated":true}]}}