{"id":30,"date":"2017-12-06T15:37:53","date_gmt":"2017-12-06T14:37:53","guid":{"rendered":"http:\/\/wardrecques.fr\/?page_id=30"},"modified":"2020-05-26T12:20:09","modified_gmt":"2020-05-26T10:20:09","slug":"conseil-municipal","status":"publish","type":"page","link":"https:\/\/wardrecques.fr\/index.php\/conseil-municipal\/","title":{"rendered":"Conseil municipal"},"content":{"rendered":"<h1>Elus<\/h1>\n<p><img loading=\"lazy\" class=\"alignnone size-full wp-image-574\" src=\"http:\/\/wardrecques.fr\/wp-content\/uploads\/2020\/05\/Elus-25.05.20-scaled.jpg\" alt=\"\" width=\"2560\" height=\"1244\" srcset=\"https:\/\/wardrecques.fr\/wp-content\/uploads\/2020\/05\/Elus-25.05.20-scaled.jpg 2560w, https:\/\/wardrecques.fr\/wp-content\/uploads\/2020\/05\/Elus-25.05.20-300x146.jpg 300w, https:\/\/wardrecques.fr\/wp-content\/uploads\/2020\/05\/Elus-25.05.20-1024x498.jpg 1024w, https:\/\/wardrecques.fr\/wp-content\/uploads\/2020\/05\/Elus-25.05.20-768x373.jpg 768w, https:\/\/wardrecques.fr\/wp-content\/uploads\/2020\/05\/Elus-25.05.20-1536x747.jpg 1536w, https:\/\/wardrecques.fr\/wp-content\/uploads\/2020\/05\/Elus-25.05.20-2048x996.jpg 2048w\" sizes=\"(max-width: 767px) 89vw, (max-width: 1000px) 54vw, (max-width: 1071px) 543px, 580px\" \/><\/p>\n<p>Maire : CAINNE Louis \u2013&nbsp; <em>Maire sortant<\/em><\/p>\n<p>1\u00e8re Adjointe: COCQUERELLE Caroline &#8211; Conseill\u00e8re sortante<\/p>\n<p>2\u00e8me Adjoint: DENAES Guy \u2013 Adjoint sortant<\/p>\n<p>Conseillers municipaux:<\/p>\n<p>&nbsp;Antoine BURKHART<\/p>\n<p>Isabelle CARPENTIER<\/p>\n<p>Pascal CUCHEVAL<\/p>\n<p>Sonia DECROIX \u2013 <em>Conseill\u00e8re sortante<\/em><\/p>\n<p>Christine DENIS<\/p>\n<p>Ren\u00e9 DELAHAYE &#8211; <em>Conseiller sortant<\/em><\/p>\n<p>St\u00e9phane GERMAIN &#8211; <em>Conseiller sortant<\/em><\/p>\n<p>Sylvie HERMANT<\/p>\n<p>Nathalie MARINELLI&nbsp;&nbsp;&nbsp;&nbsp;&nbsp;&nbsp;<\/p>\n<p>&nbsp;Denis MEENS<\/p>\n<p>Annie PRINS \u2013 <em>Conseill\u00e8re sortante<\/em><\/p>\n<p>Etienne SCHOTTE<\/p>\n<p>&nbsp;&nbsp;&nbsp;&nbsp;&nbsp;&nbsp;&nbsp;<\/p>\n<p>&nbsp;&nbsp;<\/p>\n","protected":false},"excerpt":{"rendered":"<p>Elus Maire : CAINNE Louis \u2013&nbsp; Maire sortant 1\u00e8re Adjointe: COCQUERELLE Caroline &#8211; Conseill\u00e8re sortante 2\u00e8me Adjoint: DENAES Guy \u2013 Adjoint sortant Conseillers municipaux: &nbsp;Antoine BURKHART Isabelle CARPENTIER Pascal CUCHEVAL Sonia DECROIX \u2013 Conseill\u00e8re sortante Christine DENIS Ren\u00e9 DELAHAYE &#8211; Conseiller sortant St\u00e9phane GERMAIN &#8211; Conseiller sortant Sylvie HERMANT Nathalie MARINELLI&nbsp;&nbsp;&nbsp;&nbsp;&nbsp;&nbsp; &nbsp;Denis MEENS Annie PRINS &hellip; <\/p>\n<p class=\"link-more\"><a href=\"https:\/\/wardrecques.fr\/index.php\/conseil-municipal\/\" class=\"more-link\">Continuer la lecture<span class=\"screen-reader-text\"> de &laquo;&nbsp;Conseil municipal&nbsp;&raquo;<\/span><\/a><\/p>\n","protected":false},"author":1,"featured_media":0,"parent":0,"menu_order":1,"comment_status":"closed","ping_status":"closed","template":"onecolumn-page.php","meta":{"ngg_post_thumbnail":0},"_links":{"self":[{"href":"https:\/\/wardrecques.fr\/index.php\/wp-json\/wp\/v2\/pages\/30"}],"collection":[{"href":"https:\/\/wardrecques.fr\/index.php\/wp-json\/wp\/v2\/pages"}],"about":[{"href":"https:\/\/wardrecques.fr\/index.php\/wp-json\/wp\/v2\/types\/page"}],"author":[{"embeddable":true,"href":"https:\/\/wardrecques.fr\/index.php\/wp-json\/wp\/v2\/users\/1"}],"replies":[{"embeddable":true,"href":"https:\/\/wardrecques.fr\/index.php\/wp-json\/wp\/v2\/comments?post=30"}],"version-history":[{"count":7,"href":"https:\/\/wardrecques.fr\/index.php\/wp-json\/wp\/v2\/pages\/30\/revisions"}],"predecessor-version":[{"id":575,"href":"https:\/\/wardrecques.fr\/index.php\/wp-json\/wp\/v2\/pages\/30\/revisions\/575"}],"wp:attachment":[{"href":"https:\/\/wardrecques.fr\/index.php\/wp-json\/wp\/v2\/media?parent=30"}],"curies":[{"name":"wp","href":"https:\/\/api.w.org\/{rel}","templated":true}]}}