{"id":651,"date":"2021-02-11T11:46:09","date_gmt":"2021-02-11T10:46:09","guid":{"rendered":"https:\/\/wardrecques.fr\/?page_id=651"},"modified":"2021-02-11T11:46:09","modified_gmt":"2021-02-11T10:46:09","slug":"recensement-citoyen","status":"publish","type":"page","link":"https:\/\/wardrecques.fr\/index.php\/recensement-citoyen\/","title":{"rendered":"Recensement citoyen"},"content":{"rendered":"\n<p>Tout jeune de nationalit\u00e9 fran\u00e7aise, gar\u00e7on ou fille, doit se faire recenser entre la date de ses 16 ans et la fin du troisi\u00e8me mois suivant.<br>Le recensement citoyen est en effet une d\u00e9marche obligatoire et indispensable pour pouvoir participer \u00e0 la Journ\u00e9e D\u00e9fense et Citoyennet\u00e9 (JDC).<\/p>\n\n\n\n<p>L&rsquo;attestation de participation \u00e0 la Journ\u00e9e D\u00e9fense et Citoyennet\u00e9 est demand\u00e9e lors des inscriptions aux examens et concours soumis \u00e0 l&rsquo;autorit\u00e9 publique (CAP, baccalaur\u00e9at, permis de conduire &#8230;).<\/p>\n\n\n\n<p>De plus, le recensement permet l&rsquo;inscription automatique sur les listes \u00e9lectorales de la commune de domicile \u00e0 18 ans (en cas de changement d&rsquo;adresse, ne pas oublier de pr\u00e9venir le Bureau du Service National concern\u00e9 et de contacter la mairie de la nouvelle adresse).<br>Les jeunes, non recens\u00e9s dans les d\u00e9lais l\u00e9gaux, pourront r\u00e9gulariser leur situation aupr\u00e8s de la mairie.<\/p>\n\n\n\n<p><strong>Pour \u00eatre recens\u00e9, deux solutions s&rsquo;offrent \u00e0 vous :<br>&#8211; se rendre \u00e0 la mairie de son domicile, muni de sa pi\u00e8ce d&rsquo;identit\u00e9 et du livret de famille.<br><\/strong><\/p>\n\n\n\n<figure class=\"wp-block-image\"><a href=\"https:\/\/mon-site-internet.ternum-bfc.fr\/documents\/portal775\/links\/20201023-1125--DOSSIER_MAIRIE-2020-10-12_esnne_csnd_newsletter-jeunes-jdc_page-0001.jpg\"><img src=\"https:\/\/mon-site-internet.ternum-bfc.fr\/documents\/portal775\/links\/20201023-1125--DOSSIER_MAIRIE-2020-10-12_esnne_csnd_newsletter-jeunes-jdc_page-0001.jpg\" alt=\"\" title=\"\"\/><\/a><\/figure>\n","protected":false},"excerpt":{"rendered":"<p>Tout jeune de nationalit\u00e9 fran\u00e7aise, gar\u00e7on ou fille, doit se faire recenser entre la date de ses 16 ans et la fin du troisi\u00e8me mois suivant.Le recensement citoyen est en effet une d\u00e9marche obligatoire et indispensable pour pouvoir participer \u00e0 la Journ\u00e9e D\u00e9fense et Citoyennet\u00e9 (JDC). L&rsquo;attestation de participation \u00e0 la Journ\u00e9e D\u00e9fense et Citoyennet\u00e9 &hellip; <\/p>\n<p class=\"link-more\"><a href=\"https:\/\/wardrecques.fr\/index.php\/recensement-citoyen\/\" class=\"more-link\">Continuer la lecture<span class=\"screen-reader-text\"> de &laquo;&nbsp;Recensement citoyen&nbsp;&raquo;<\/span><\/a><\/p>\n","protected":false},"author":1,"featured_media":0,"parent":0,"menu_order":0,"comment_status":"closed","ping_status":"closed","template":"","meta":{"ngg_post_thumbnail":0},"_links":{"self":[{"href":"https:\/\/wardrecques.fr\/index.php\/wp-json\/wp\/v2\/pages\/651"}],"collection":[{"href":"https:\/\/wardrecques.fr\/index.php\/wp-json\/wp\/v2\/pages"}],"about":[{"href":"https:\/\/wardrecques.fr\/index.php\/wp-json\/wp\/v2\/types\/page"}],"author":[{"embeddable":true,"href":"https:\/\/wardrecques.fr\/index.php\/wp-json\/wp\/v2\/users\/1"}],"replies":[{"embeddable":true,"href":"https:\/\/wardrecques.fr\/index.php\/wp-json\/wp\/v2\/comments?post=651"}],"version-history":[{"count":1,"href":"https:\/\/wardrecques.fr\/index.php\/wp-json\/wp\/v2\/pages\/651\/revisions"}],"predecessor-version":[{"id":652,"href":"https:\/\/wardrecques.fr\/index.php\/wp-json\/wp\/v2\/pages\/651\/revisions\/652"}],"wp:attachment":[{"href":"https:\/\/wardrecques.fr\/index.php\/wp-json\/wp\/v2\/media?parent=651"}],"curies":[{"name":"wp","href":"https:\/\/api.w.org\/{rel}","templated":true}]}}