{"id":681,"date":"2021-04-29T11:05:37","date_gmt":"2021-04-29T09:05:37","guid":{"rendered":"https:\/\/wardrecques.fr\/?page_id=681"},"modified":"2021-12-08T09:06:38","modified_gmt":"2021-12-08T08:06:38","slug":"bulletin-municipal","status":"publish","type":"page","link":"https:\/\/wardrecques.fr\/index.php\/bulletin-municipal\/","title":{"rendered":"Bulletin municipal"},"content":{"rendered":"\n<div class=\"wp-block-file\"><a href=\"https:\/\/wardrecques.fr\/wp-content\/uploads\/2021\/04\/35.Wardrecqinfos-Avril-2021.pdf\">35.Wardrecqinfos-Avril-2021<\/a><a href=\"https:\/\/wardrecques.fr\/wp-content\/uploads\/2021\/04\/35.Wardrecqinfos-Avril-2021.pdf\" class=\"wp-block-file__button\" download>T\u00e9l\u00e9charger<\/a><\/div>\n\n\n\n<p><\/p>\n\n\n\n<p><a href=\"https:\/\/wardrecques.fr\/wp-content\/uploads\/2021\/10\/36.Wardrecqinfos-Octobre-2021.pdf\" data-type=\"URL\">36.Wardrecqinfos-Octobre-2021<\/a>T\u00e9l\u00e9charger<\/p>\n\n\n\n<p><a href=\"https:\/\/wardrecques.fr\/wp-content\/uploads\/2021\/12\/37.Wardrecqinfos-decembre-2021.pdf\" data-type=\"URL\" data-id=\"https:\/\/wardrecques.fr\/wp-content\/uploads\/2021\/12\/37.Wardrecqinfos-decembre-2021.pdf\">Wardrecqu&rsquo;infos d\u00e9cembre 2021<\/a><\/p>\n\n\n\n<div class=\"wp-block-media-text alignwide is-stacked-on-mobile\"><figure class=\"wp-block-media-text__media\"><\/figure><div class=\"wp-block-media-text__content\">\n<p class=\"has-large-font-size\"><\/p>\n<\/div><\/div>\n","protected":false},"excerpt":{"rendered":"<p>36.Wardrecqinfos-Octobre-2021T\u00e9l\u00e9charger Wardrecqu&rsquo;infos d\u00e9cembre 2021<\/p>\n","protected":false},"author":1,"featured_media":0,"parent":0,"menu_order":0,"comment_status":"closed","ping_status":"closed","template":"","meta":{"ngg_post_thumbnail":0},"_links":{"self":[{"href":"https:\/\/wardrecques.fr\/index.php\/wp-json\/wp\/v2\/pages\/681"}],"collection":[{"href":"https:\/\/wardrecques.fr\/index.php\/wp-json\/wp\/v2\/pages"}],"about":[{"href":"https:\/\/wardrecques.fr\/index.php\/wp-json\/wp\/v2\/types\/page"}],"author":[{"embeddable":true,"href":"https:\/\/wardrecques.fr\/index.php\/wp-json\/wp\/v2\/users\/1"}],"replies":[{"embeddable":true,"href":"https:\/\/wardrecques.fr\/index.php\/wp-json\/wp\/v2\/comments?post=681"}],"version-history":[{"count":5,"href":"https:\/\/wardrecques.fr\/index.php\/wp-json\/wp\/v2\/pages\/681\/revisions"}],"predecessor-version":[{"id":775,"href":"https:\/\/wardrecques.fr\/index.php\/wp-json\/wp\/v2\/pages\/681\/revisions\/775"}],"wp:attachment":[{"href":"https:\/\/wardrecques.fr\/index.php\/wp-json\/wp\/v2\/media?parent=681"}],"curies":[{"name":"wp","href":"https:\/\/api.w.org\/{rel}","templated":true}]}}